{"id":6,"date":"2015-10-15T15:47:04","date_gmt":"2015-10-15T14:47:04","guid":{"rendered":"http:\/\/wp-base.eliappdrupal1.elisys-servers.ca\/fr\/?page_id=6"},"modified":"2017-06-09T16:22:00","modified_gmt":"2017-06-09T20:22:00","slug":"constructions-daniel-hardy","status":"publish","type":"page","link":"https:\/\/www.constructiondanielhardy.com\/fr\/","title":{"rendered":"Constructions Daniel Hardy\u00a0"},"content":{"rendered":"","protected":false},"excerpt":{"rendered":"","protected":false},"author":1,"featured_media":0,"parent":0,"menu_order":0,"comment_status":"closed","ping_status":"closed","template":"","meta":{"_acf_changed":false,"_custom_body_class":"","_custom_post_class":"","footnotes":""},"acf":[],"yoast_head":"<!-- This site is optimized with the Yoast SEO plugin v22.9 - https:\/\/yoast.com\/wordpress\/plugins\/seo\/ -->\n<title>Construction Daniel Hardy\u00a0<\/title>\n<meta name=\"description\" content=\"Nos constructions allient expertise, qualit\u00e9 et souci du travail bien fait. Nous d\u00e9passons vos attentes en termes d&#039;habitations et cr\u00e9ons des espaces qui r\u00e9sistent \u00e0 l&#039;\u00e9preuve du temps et o\u00f9 il fait bon vivre.\" \/>\n<meta name=\"robots\" content=\"index, follow, max-snippet:-1, max-image-preview:large, max-video-preview:-1\" \/>\n<meta property=\"og:locale\" content=\"fr_CA\" \/>\n<meta property=\"og:type\" content=\"article\" \/>\n<meta property=\"og:title\" content=\"Construction Daniel Hardy\u00a0\" \/>\n<meta property=\"og:description\" content=\"Nos constructions allient expertise, qualit\u00e9 et souci du travail bien fait. Nous d\u00e9passons vos attentes en termes d&#039;habitations et cr\u00e9ons des espaces qui r\u00e9sistent \u00e0 l&#039;\u00e9preuve du temps et o\u00f9 il fait bon vivre.\" \/>\n<meta property=\"og:url\" content=\"https:\/\/www.constructiondanielhardy.com\/fr\/\" \/>\n<meta property=\"og:site_name\" content=\"Construction Daniel Hardy\" \/>\n<meta property=\"article:modified_time\" content=\"2017-06-09T20:22:00+00:00\" \/>\n<meta name=\"twitter:card\" content=\"summary_large_image\" \/>\n<script type=\"application\/ld+json\" class=\"yoast-schema-graph\">{\"@context\":\"https:\/\/schema.org\",\"@graph\":[{\"@type\":\"WebPage\",\"@id\":\"https:\/\/www.constructiondanielhardy.com\/fr\/\",\"url\":\"https:\/\/www.constructiondanielhardy.com\/fr\/\",\"name\":\"Construction Daniel Hardy\u00a0\",\"isPartOf\":{\"@id\":\"https:\/\/www.constructiondanielhardy.com\/fr\/#website\"},\"datePublished\":\"2015-10-15T14:47:04+00:00\",\"dateModified\":\"2017-06-09T20:22:00+00:00\",\"description\":\"Nos constructions allient expertise, qualit\u00e9 et souci du travail bien fait. Nous d\u00e9passons vos attentes en termes d'habitations et cr\u00e9ons des espaces qui r\u00e9sistent \u00e0 l'\u00e9preuve du temps et o\u00f9 il fait bon vivre.\",\"breadcrumb\":{\"@id\":\"https:\/\/www.constructiondanielhardy.com\/fr\/#breadcrumb\"},\"inLanguage\":\"fr-FR\",\"potentialAction\":[{\"@type\":\"ReadAction\",\"target\":[\"https:\/\/www.constructiondanielhardy.com\/fr\/\"]}]},{\"@type\":\"BreadcrumbList\",\"@id\":\"https:\/\/www.constructiondanielhardy.com\/fr\/#breadcrumb\",\"itemListElement\":[{\"@type\":\"ListItem\",\"position\":1,\"name\":\"Accueil\",\"item\":\"https:\/\/www.constructiondanielhardy.com\/fr\/\"},{\"@type\":\"ListItem\",\"position\":2,\"name\":\"Constructions Daniel Hardy\u00a0\"}]},{\"@type\":\"WebSite\",\"@id\":\"https:\/\/www.constructiondanielhardy.com\/fr\/#website\",\"url\":\"https:\/\/www.constructiondanielhardy.com\/fr\/\",\"name\":\"Construction Daniel Hardy\",\"description\":\"\",\"potentialAction\":[{\"@type\":\"SearchAction\",\"target\":{\"@type\":\"EntryPoint\",\"urlTemplate\":\"https:\/\/www.constructiondanielhardy.com\/fr\/?s={search_term_string}\"},\"query-input\":\"required name=search_term_string\"}],\"inLanguage\":\"fr-FR\"}]}<\/script>\n<!-- \/ Yoast SEO plugin. -->","yoast_head_json":{"title":"Construction Daniel Hardy\u00a0","description":"Nos constructions allient expertise, qualit\u00e9 et souci du travail bien fait. Nous d\u00e9passons vos attentes en termes d'habitations et cr\u00e9ons des espaces qui r\u00e9sistent \u00e0 l'\u00e9preuve du temps et o\u00f9 il fait bon vivre.","robots":{"index":"index","follow":"follow","max-snippet":"max-snippet:-1","max-image-preview":"max-image-preview:large","max-video-preview":"max-video-preview:-1"},"og_locale":"fr_CA","og_type":"article","og_title":"Construction Daniel Hardy\u00a0","og_description":"Nos constructions allient expertise, qualit\u00e9 et souci du travail bien fait. Nous d\u00e9passons vos attentes en termes d'habitations et cr\u00e9ons des espaces qui r\u00e9sistent \u00e0 l'\u00e9preuve du temps et o\u00f9 il fait bon vivre.","og_url":"https:\/\/www.constructiondanielhardy.com\/fr\/","og_site_name":"Construction Daniel Hardy","article_modified_time":"2017-06-09T20:22:00+00:00","twitter_card":"summary_large_image","schema":{"@context":"https:\/\/schema.org","@graph":[{"@type":"WebPage","@id":"https:\/\/www.constructiondanielhardy.com\/fr\/","url":"https:\/\/www.constructiondanielhardy.com\/fr\/","name":"Construction Daniel Hardy\u00a0","isPartOf":{"@id":"https:\/\/www.constructiondanielhardy.com\/fr\/#website"},"datePublished":"2015-10-15T14:47:04+00:00","dateModified":"2017-06-09T20:22:00+00:00","description":"Nos constructions allient expertise, qualit\u00e9 et souci du travail bien fait. Nous d\u00e9passons vos attentes en termes d'habitations et cr\u00e9ons des espaces qui r\u00e9sistent \u00e0 l'\u00e9preuve du temps et o\u00f9 il fait bon vivre.","breadcrumb":{"@id":"https:\/\/www.constructiondanielhardy.com\/fr\/#breadcrumb"},"inLanguage":"fr-FR","potentialAction":[{"@type":"ReadAction","target":["https:\/\/www.constructiondanielhardy.com\/fr\/"]}]},{"@type":"BreadcrumbList","@id":"https:\/\/www.constructiondanielhardy.com\/fr\/#breadcrumb","itemListElement":[{"@type":"ListItem","position":1,"name":"Accueil","item":"https:\/\/www.constructiondanielhardy.com\/fr\/"},{"@type":"ListItem","position":2,"name":"Constructions Daniel Hardy\u00a0"}]},{"@type":"WebSite","@id":"https:\/\/www.constructiondanielhardy.com\/fr\/#website","url":"https:\/\/www.constructiondanielhardy.com\/fr\/","name":"Construction Daniel Hardy","description":"","potentialAction":[{"@type":"SearchAction","target":{"@type":"EntryPoint","urlTemplate":"https:\/\/www.constructiondanielhardy.com\/fr\/?s={search_term_string}"},"query-input":"required name=search_term_string"}],"inLanguage":"fr-FR"}]}},"_links":{"self":[{"href":"https:\/\/www.constructiondanielhardy.com\/fr\/wp-json\/wp\/v2\/pages\/6"}],"collection":[{"href":"https:\/\/www.constructiondanielhardy.com\/fr\/wp-json\/wp\/v2\/pages"}],"about":[{"href":"https:\/\/www.constructiondanielhardy.com\/fr\/wp-json\/wp\/v2\/types\/page"}],"author":[{"embeddable":true,"href":"https:\/\/www.constructiondanielhardy.com\/fr\/wp-json\/wp\/v2\/users\/1"}],"replies":[{"embeddable":true,"href":"https:\/\/www.constructiondanielhardy.com\/fr\/wp-json\/wp\/v2\/comments?post=6"}],"version-history":[{"count":1,"href":"https:\/\/www.constructiondanielhardy.com\/fr\/wp-json\/wp\/v2\/pages\/6\/revisions"}],"predecessor-version":[{"id":4601,"href":"https:\/\/www.constructiondanielhardy.com\/fr\/wp-json\/wp\/v2\/pages\/6\/revisions\/4601"}],"wp:attachment":[{"href":"https:\/\/www.constructiondanielhardy.com\/fr\/wp-json\/wp\/v2\/media?parent=6"}],"curies":[{"name":"wp","href":"https:\/\/api.w.org\/{rel}","templated":true}]}}